{"id":152,"date":"2014-06-20T08:07:57","date_gmt":"2014-06-20T06:07:57","guid":{"rendered":"http:\/\/tpk-hastenrath.de\/wordpress\/?page_id=152"},"modified":"2014-07-11T11:36:24","modified_gmt":"2014-07-11T09:36:24","slug":"links","status":"publish","type":"page","link":"http:\/\/tpk-hastenrath.de\/?page_id=152","title":{"rendered":"Links"},"content":{"rendered":"<p>Wir kennen uns? Dann <a title=\"Kontakt\" href=\"?page_id=31\">schreibt <\/a>dem Webmaster und er verlinkt eure Seite hier, sofern ihr das auch f\u00fcr uns macht!<\/p>\n<p><strong>Ortsvereine Hastenrath<br \/>\n<\/strong><br \/>\n<a href=\"http:\/\/de.wikipedia.org\/wiki\/Hastenrath_(Gangelt)\" target=\"_blank\">Hastenrath bei Wikipedia<\/a><\/p>\n<p><a href=\"http:\/\/www.schuetzen-hastenrath.de\/\" target=\"_blank\">St. Josef Sch\u00fctzenbruderschaft Hastenrath<\/a><\/p>\n<p><strong>Befreundete Vereine<\/strong><\/p>\n<p><a href=\"http:\/\/www.mvgrueningen.de\/site\/index.php\" target=\"_blank\">Musikverein Gr\u00fcningen e. V.<\/a><\/p>\n<p><strong>Unternehmen aus Hastenrath<\/strong><\/p>\n<p>&nbsp;<\/p>\n","protected":false},"excerpt":{"rendered":"<p>Wir kennen uns? Dann schreibt dem Webmaster und er verlinkt eure Seite hier, sofern ihr das auch f\u00fcr uns macht! Ortsvereine Hastenrath Hastenrath bei Wikipedia St. Josef Sch\u00fctzenbruderschaft Hastenrath Befreundete Vereine Musikverein Gr\u00fcningen e. V. Unternehmen aus Hastenrath &nbsp;<\/p>\n","protected":false},"author":2,"featured_media":0,"parent":0,"menu_order":4,"comment_status":"closed","ping_status":"open","template":"","meta":{"footnotes":""},"_links":{"self":[{"href":"http:\/\/tpk-hastenrath.de\/index.php?rest_route=\/wp\/v2\/pages\/152"}],"collection":[{"href":"http:\/\/tpk-hastenrath.de\/index.php?rest_route=\/wp\/v2\/pages"}],"about":[{"href":"http:\/\/tpk-hastenrath.de\/index.php?rest_route=\/wp\/v2\/types\/page"}],"author":[{"embeddable":true,"href":"http:\/\/tpk-hastenrath.de\/index.php?rest_route=\/wp\/v2\/users\/2"}],"replies":[{"embeddable":true,"href":"http:\/\/tpk-hastenrath.de\/index.php?rest_route=%2Fwp%2Fv2%2Fcomments&post=152"}],"version-history":[{"count":6,"href":"http:\/\/tpk-hastenrath.de\/index.php?rest_route=\/wp\/v2\/pages\/152\/revisions"}],"predecessor-version":[{"id":453,"href":"http:\/\/tpk-hastenrath.de\/index.php?rest_route=\/wp\/v2\/pages\/152\/revisions\/453"}],"wp:attachment":[{"href":"http:\/\/tpk-hastenrath.de\/index.php?rest_route=%2Fwp%2Fv2%2Fmedia&parent=152"}],"curies":[{"name":"wp","href":"https:\/\/api.w.org\/{rel}","templated":true}]}}