{"id":39,"date":"2014-05-16T17:54:18","date_gmt":"2014-05-16T15:54:18","guid":{"rendered":"http:\/\/tpk-hastenrath.de\/wordpress\/?page_id=39"},"modified":"2014-09-16T11:01:19","modified_gmt":"2014-09-16T09:01:19","slug":"partnerverein","status":"publish","type":"page","link":"https:\/\/tpk-hastenrath.de\/?page_id=39","title":{"rendered":"Partnerverein"},"content":{"rendered":"<p><span style=\"color: #000000;\">Der Musikverein Gr\u00fcningen (Schwarzwald) ist seit 1988 Partnerverein des Trommler- und Pfeiferkorps Hastenrath. Seitdem besuchte das Hastenrather Korps f\u00fcnfmal Gr\u00fcningen (1988, 1991, 1998, 2004, 2011), die Gr\u00fcninger sechsmal Hastenrath (1990, 1993, 1996, 2001, 2008, 2014).<\/span><\/p>\n<p><span style=\"color: #000000;\">Den Grundstein der Beziehung zwischen den Vereinen legte 1986 der damalige 1. Vorsitzende und heutige Ehrenvorsitzende des Trommler- und Pfeiferkorps, Hans-Josef Scheufens, der aus beruflichen Gr\u00fcnden gelegentlich in den Schwarzwald fuhr. Dies erleichterte eine erste Kontaktaufnahme mit einem Verein aus dieser Region. Eineinhalb Jahre sp\u00e4ter kam es dann zum ersten Besuch in Gr\u00fcningen beim traditionellen Stra\u00dfenfest im Mai 1988.<\/span><\/p>\n<p><span style=\"color: #000000;\">Dieses Treffen und alle Weiteren haben beiden Vereinen sehr viel Freude bereitet und bis heute sind einige Freundschaften gekn\u00fcpft worden.<br \/>\n<\/span><\/p>\n<div id=\"attachment_489\" style=\"width: 1035px\" class=\"wp-caption alignnone\"><a href=\"http:\/\/tpk-hastenrath.de\/wordpress\/wp-content\/uploads\/2014\/05\/IMG_6321.jpeg\"><img aria-describedby=\"caption-attachment-489\" decoding=\"async\" loading=\"lazy\" class=\" wp-image-489\" src=\"http:\/\/tpk-hastenrath.de\/wordpress\/wp-content\/uploads\/2014\/05\/IMG_6321.jpeg\" alt=\"Dieses Foto wurde beim letzten Zusammentreffen im Mai 2014 in Hastenrath aufgenommen.\" width=\"1025\" height=\"683\" srcset=\"https:\/\/tpk-hastenrath.de\/wordpress\/wp-content\/uploads\/2014\/05\/IMG_6321.jpeg 5184w, https:\/\/tpk-hastenrath.de\/wordpress\/wp-content\/uploads\/2014\/05\/IMG_6321-300x200.jpeg 300w, https:\/\/tpk-hastenrath.de\/wordpress\/wp-content\/uploads\/2014\/05\/IMG_6321-1024x682.jpeg 1024w, https:\/\/tpk-hastenrath.de\/wordpress\/wp-content\/uploads\/2014\/05\/IMG_6321-624x416.jpeg 624w\" sizes=\"(max-width: 1025px) 100vw, 1025px\" \/><\/a><p id=\"caption-attachment-489\" class=\"wp-caption-text\">Gruppenfoto vom\u00a0letzten Zusammentreffen im Mai 2014 in Hastenrath (zum Vergr\u00f6\u00dfern auf das Foto klicken)<\/p><\/div>\n","protected":false},"excerpt":{"rendered":"<p>Der Musikverein Gr\u00fcningen (Schwarzwald) ist seit 1988 Partnerverein des Trommler- und Pfeiferkorps Hastenrath. Seitdem besuchte das Hastenrather Korps f\u00fcnfmal Gr\u00fcningen (1988, 1991, 1998, 2004, 2011), die Gr\u00fcninger sechsmal Hastenrath (1990, 1993, 1996, 2001, 2008, 2014). Den Grundstein der Beziehung zwischen den Vereinen legte 1986 der damalige 1. Vorsitzende und heutige Ehrenvorsitzende des Trommler- und Pfeiferkorps, [&hellip;]<\/p>\n","protected":false},"author":2,"featured_media":0,"parent":16,"menu_order":4,"comment_status":"closed","ping_status":"open","template":"","meta":{"footnotes":""},"_links":{"self":[{"href":"https:\/\/tpk-hastenrath.de\/index.php?rest_route=\/wp\/v2\/pages\/39"}],"collection":[{"href":"https:\/\/tpk-hastenrath.de\/index.php?rest_route=\/wp\/v2\/pages"}],"about":[{"href":"https:\/\/tpk-hastenrath.de\/index.php?rest_route=\/wp\/v2\/types\/page"}],"author":[{"embeddable":true,"href":"https:\/\/tpk-hastenrath.de\/index.php?rest_route=\/wp\/v2\/users\/2"}],"replies":[{"embeddable":true,"href":"https:\/\/tpk-hastenrath.de\/index.php?rest_route=%2Fwp%2Fv2%2Fcomments&post=39"}],"version-history":[{"count":10,"href":"https:\/\/tpk-hastenrath.de\/index.php?rest_route=\/wp\/v2\/pages\/39\/revisions"}],"predecessor-version":[{"id":491,"href":"https:\/\/tpk-hastenrath.de\/index.php?rest_route=\/wp\/v2\/pages\/39\/revisions\/491"}],"up":[{"embeddable":true,"href":"https:\/\/tpk-hastenrath.de\/index.php?rest_route=\/wp\/v2\/pages\/16"}],"wp:attachment":[{"href":"https:\/\/tpk-hastenrath.de\/index.php?rest_route=%2Fwp%2Fv2%2Fmedia&parent=39"}],"curies":[{"name":"wp","href":"https:\/\/api.w.org\/{rel}","templated":true}]}}